
{"id":47,"date":"2016-11-13T11:06:04","date_gmt":"2016-11-13T10:06:04","guid":{"rendered":"http:\/\/riko.ch\/rikoneu2016\/?page_id=47"},"modified":"2017-08-11T14:45:17","modified_gmt":"2017-08-11T12:45:17","slug":"ausstellungen","status":"publish","type":"page","link":"https:\/\/riko.ch\/index.php\/ausstellungen\/","title":{"rendered":"AUSSTELLUNGEN"},"content":{"rendered":"<p>[et_pb_section bb_built=&#8220;1&#8243; admin_label=&#8220;section&#8220; transparent_background=&#8220;on&#8220; parallax_method=&#8220;off&#8220; padding_mobile=&#8220;off&#8220; _builder_version=&#8220;3.0.67&#8243; disabled=&#8220;off&#8220; disabled_on=&#8220;on||&#8220;][et_pb_row admin_label=&#8220;row&#8220; make_fullwidth=&#8220;off&#8220; use_custom_width=&#8220;off&#8220; width_unit=&#8220;on&#8220; use_custom_gutter=&#8220;off&#8220; padding_mobile=&#8220;off&#8220; background_color=&#8220;rgba(221,221,221,0.88)&#8220; allow_player_pause=&#8220;off&#8220; parallax=&#8220;off&#8220; parallax_method=&#8220;off&#8220; make_equal=&#8220;off&#8220; parallax_1=&#8220;off&#8220; parallax_method_1=&#8220;off&#8220; parallax_2=&#8220;off&#8220; parallax_method_2=&#8220;off&#8220; column_padding_mobile=&#8220;on&#8220; custom_css_main_element=&#8220;padding-left: 40px;&#8220; background_position=&#8220;top_left&#8220; background_repeat=&#8220;repeat&#8220; background_size=&#8220;initial&#8220;][et_pb_column type=&#8220;1_2&#8243;][et_pb_text background_layout=&#8220;light&#8220; text_orientation=&#8220;left&#8220; border_style=&#8220;solid&#8220; background_position=&#8220;top_left&#8220; background_repeat=&#8220;repeat&#8220; background_size=&#8220;initial&#8220; _builder_version=&#8220;3.0.67&#8243;]<\/p>\n<p><strong>Restaurant B\u00e4ren <\/strong><br \/>\nGrill + Pasta<br \/>\nBergackerweg 1<br \/>\n3052 Sch\u00fcpfen<\/p>\n<p>Tel. 031 879 01 96<br \/>\n<span style=\"color: #d17e2b;\">www.baerenschuepfen.ch<br \/>\n<span style=\"color: #000000;\"><span class=\"texteJaune\">Ge\u00f6ffnet<\/span> Dienstag &#8211; Samstag<\/span><\/span><\/p>\n<hr \/>\n<p>&nbsp;<\/p>\n<p>[\/et_pb_text][et_pb_text background_layout=&#8220;light&#8220; text_orientation=&#8220;left&#8220; border_style=&#8220;solid&#8220; background_position=&#8220;top_left&#8220; background_repeat=&#8220;repeat&#8220; background_size=&#8220;initial&#8220; _builder_version=&#8220;3.0.67&#8243;]<\/p>\n<p><strong>Halter + Krebs\u00a0\u00a0\u00a0\u00a0\u00a0\u00a0\u00a0\u00a0\u00a0\u00a0\u00a0\u00a0\u00a0\u00a0\u00a0\u00a0\u00a0\u00a0\u00a0\u00a0\u00a0\u00a0\u00a0\u00a0\u00a0\u00a0\u00a0\u00a0\u00a0\u00a0\u00a0\u00a0\u00a0\u00a0\u00a0\u00a0 <\/strong><br \/>\nMetallbau AG<br \/>\nMeriedweg 19<br \/>\n3172 Niederwangen<\/p>\n<p>Tel. 078 823 31 77<br \/>\n<span class=\"texteJaune\">Ge\u00f6ffnet nach telefonischer Absprache<\/span><\/p>\n<p>[\/et_pb_text][\/et_pb_column][et_pb_column type=&#8220;1_2&#8243;][et_pb_image show_in_lightbox=&#8220;off&#8220; url_new_window=&#8220;off&#8220; src=&#8220;http:\/\/riko.ch\/rikoneu2016\/wp-content\/uploads\/2016\/11\/6.jpg&#8220; sticky=&#8220;off&#8220; align=&#8220;right&#8220; always_center_on_mobile=&#8220;on&#8220; use_overlay=&#8220;off&#8220; use_border_color=&#8220;off&#8220; border_color=&#8220;#ffffff&#8220; border_style=&#8220;solid&#8220; force_fullwidth=&#8220;off&#8220; custom_css_main_element=&#8220;padding-right: 40px;&#8220; animation=&#8220;off&#8220; \/][\/et_pb_column][\/et_pb_row][\/et_pb_section][et_pb_section bb_built=&#8220;1&#8243; admin_label=&#8220;section&#8220; transparent_background=&#8220;on&#8220; parallax_method=&#8220;off&#8220; padding_mobile=&#8220;off&#8220; _builder_version=&#8220;3.0.67&#8243; disabled=&#8220;off&#8220; disabled_on=&#8220;|on|on&#8220;][et_pb_row admin_label=&#8220;row&#8220; make_fullwidth=&#8220;off&#8220; use_custom_width=&#8220;off&#8220; width_unit=&#8220;on&#8220; use_custom_gutter=&#8220;off&#8220; padding_mobile=&#8220;off&#8220; background_color=&#8220;rgba(221,221,221,0.88)&#8220; allow_player_pause=&#8220;off&#8220; parallax=&#8220;off&#8220; parallax_method=&#8220;off&#8220; make_equal=&#8220;off&#8220; parallax_1=&#8220;off&#8220; parallax_method_1=&#8220;off&#8220; parallax_2=&#8220;off&#8220; parallax_method_2=&#8220;off&#8220; column_padding_mobile=&#8220;on&#8220; custom_css_main_element=&#8220;padding-left: 40px;&#8220; background_position=&#8220;top_left&#8220; background_repeat=&#8220;repeat&#8220; background_size=&#8220;initial&#8220; _builder_version=&#8220;3.0.67&#8243;][et_pb_column type=&#8220;4_4&#8243;][et_pb_text background_layout=&#8220;light&#8220; text_orientation=&#8220;left&#8220; border_style=&#8220;solid&#8220; background_position=&#8220;top_left&#8220; background_repeat=&#8220;repeat&#8220; background_size=&#8220;initial&#8220; _builder_version=&#8220;3.0.67&#8243;]<\/p>\n<p><strong>Restaurant B\u00e4ren<\/strong><br \/>\nGrill + Pasta<br \/>\nBergackerweg 1<br \/>\n3052 Sch\u00fcpfen<\/p>\n<p>Tel. 031 879 01 96<br \/>\n<span style=\"color: #d17e2b;\">www.baerenschuepfen.ch<strong><br \/>\n<span style=\"color: #000000;\"><span class=\"texteJaune\">Ge\u00f6ffnet<\/span> Dienstag &#8211; Samstag<\/span><\/strong><\/span><\/p>\n<hr \/>\n<p>&nbsp;<\/p>\n<p>[\/et_pb_text][et_pb_text background_layout=&#8220;light&#8220; text_orientation=&#8220;left&#8220; border_style=&#8220;solid&#8220; background_position=&#8220;top_left&#8220; background_repeat=&#8220;repeat&#8220; background_size=&#8220;initial&#8220; _builder_version=&#8220;3.0.67&#8243;]<\/p>\n<p><strong>Halter + Krebs <\/strong><br \/>\nMetallbau AG<br \/>\nMeriedweg 19<br \/>\n3172 Niederwangen<\/p>\n<p>Tel. 078 823 31 77<br \/>\n<strong> <span class=\"texteJaune\">Ge\u00f6ffnet nach telefonischer Absprache<\/span><\/strong><\/p>\n<p>[\/et_pb_text][\/et_pb_column][\/et_pb_row][\/et_pb_section]<\/p>\n","protected":false},"excerpt":{"rendered":"<p>Restaurant B\u00e4ren Grill + Pasta Bergackerweg 1 3052 Sch\u00fcpfen Tel. 031 879 01 96 www.baerenschuepfen.ch Ge\u00f6ffnet Dienstag &#8211; Samstag &nbsp; Halter + Krebs\u00a0\u00a0\u00a0\u00a0\u00a0\u00a0\u00a0\u00a0\u00a0\u00a0\u00a0\u00a0\u00a0\u00a0\u00a0\u00a0\u00a0\u00a0\u00a0\u00a0\u00a0\u00a0\u00a0\u00a0\u00a0\u00a0\u00a0\u00a0\u00a0\u00a0\u00a0\u00a0\u00a0\u00a0\u00a0\u00a0 Metallbau AG Meriedweg 19 3172 Niederwangen Tel. 078 823 31 77 Ge\u00f6ffnet nach telefonischer Absprache Restaurant B\u00e4ren Grill + Pasta Bergackerweg 1 3052 Sch\u00fcpfen Tel. 031 879 01 96 www.baerenschuepfen.ch Ge\u00f6ffnet Dienstag [&hellip;]<\/p>\n","protected":false},"author":1,"featured_media":0,"parent":0,"menu_order":0,"comment_status":"closed","ping_status":"closed","template":"","meta":{"_et_pb_use_builder":"on","_et_pb_old_content":"","_et_gb_content_width":""},"_links":{"self":[{"href":"https:\/\/riko.ch\/index.php\/wp-json\/wp\/v2\/pages\/47"}],"collection":[{"href":"https:\/\/riko.ch\/index.php\/wp-json\/wp\/v2\/pages"}],"about":[{"href":"https:\/\/riko.ch\/index.php\/wp-json\/wp\/v2\/types\/page"}],"author":[{"embeddable":true,"href":"https:\/\/riko.ch\/index.php\/wp-json\/wp\/v2\/users\/1"}],"replies":[{"embeddable":true,"href":"https:\/\/riko.ch\/index.php\/wp-json\/wp\/v2\/comments?post=47"}],"version-history":[{"count":0,"href":"https:\/\/riko.ch\/index.php\/wp-json\/wp\/v2\/pages\/47\/revisions"}],"wp:attachment":[{"href":"https:\/\/riko.ch\/index.php\/wp-json\/wp\/v2\/media?parent=47"}],"curies":[{"name":"wp","href":"https:\/\/api.w.org\/{rel}","templated":true}]}}