
{"id":37,"date":"2016-11-13T11:03:54","date_gmt":"2016-11-13T10:03:54","guid":{"rendered":"http:\/\/riko.ch\/rikoneu2016\/?page_id=37"},"modified":"2017-08-11T15:03:34","modified_gmt":"2017-08-11T13:03:34","slug":"portrait","status":"publish","type":"page","link":"https:\/\/riko.ch\/index.php\/portrait\/","title":{"rendered":"PORTRAIT"},"content":{"rendered":"<p>[et_pb_section bb_built=&#8220;1&#8243; admin_label=&#8220;section&#8220; transparent_background=&#8220;on&#8220; parallax_method=&#8220;off&#8220; padding_mobile=&#8220;off&#8220; _builder_version=&#8220;3.0.67&#8243; disabled=&#8220;off&#8220; disabled_on=&#8220;on||&#8220;][et_pb_row admin_label=&#8220;row&#8220; make_fullwidth=&#8220;off&#8220; use_custom_width=&#8220;off&#8220; width_unit=&#8220;on&#8220; use_custom_gutter=&#8220;off&#8220; padding_mobile=&#8220;off&#8220; background_color=&#8220;rgba(221,221,221,0.88)&#8220; allow_player_pause=&#8220;off&#8220; parallax=&#8220;off&#8220; parallax_method=&#8220;off&#8220; make_equal=&#8220;off&#8220; parallax_1=&#8220;off&#8220; parallax_method_1=&#8220;off&#8220; parallax_2=&#8220;off&#8220; parallax_method_2=&#8220;off&#8220; column_padding_mobile=&#8220;on&#8220; background_position=&#8220;top_left&#8220; background_repeat=&#8220;repeat&#8220; background_size=&#8220;initial&#8220;][et_pb_column type=&#8220;1_2&#8243;][et_pb_text background_layout=&#8220;light&#8220; text_orientation=&#8220;left&#8220; use_border_color=&#8220;off&#8220; border_color=&#8220;#ffffff&#8220; border_style=&#8220;solid&#8220; custom_css_main_element=&#8220;margin-left: 40px;&#8220; background_position=&#8220;top_left&#8220; background_repeat=&#8220;repeat&#8220; background_size=&#8220;initial&#8220;]<\/p>\n<p>Bei meinem Job (Metallbauschlosser) habe ich die Leidenschaft f\u00fcr das Kunsthandwerk schon fr\u00fch entdeckt und in \u00fcber 20 Jahres diverse Objekte angefertigt: Hi-Fi Towers, CD\/DVD-Gestelle, Garderoben, Kerzenst\u00e4nder, Salon-tische, Bettgestelle und Spezialkonstruktionen f\u00fcr Motorr\u00e4der.<\/p>\n<p>Motorr\u00e4der geh\u00f6ren ebenso zu meinen Hobbys wie Reisen, Sport, Musik und mittlerweile Metal-Art-Tattoo. Ausserdem bedeuten mit auch T\u00e4towierungen sehr viel, bin selber seit langer Zeit immer wieder &#8222;unter der Nadel&#8220;.<\/p>\n<p>Das eine ergab das andere: so hatte ich im Sommer 2002 die Idee, Kunsthandwerk und Tattoos zu verbinden. Das Resultat: Bilder, nicht gemalt oder gezeichnet, sondern geschweisst.<\/p>\n<p>Den Schweissbrenner als Pinsel und Edelmetall als Leinwand: Metal-Art-Tattoo war geboren.<\/p>\n<p>[\/et_pb_text][\/et_pb_column][et_pb_column type=&#8220;1_2&#8243;][et_pb_image src=&#8220;http:\/\/riko.ch\/rikoneu2016\/wp-content\/uploads\/2016\/11\/weich2.jpg&#8220; show_in_lightbox=&#8220;off&#8220; url_new_window=&#8220;off&#8220; use_overlay=&#8220;off&#8220; animation=&#8220;off&#8220; sticky=&#8220;off&#8220; align=&#8220;right&#8220; force_fullwidth=&#8220;off&#8220; always_center_on_mobile=&#8220;on&#8220; use_border_color=&#8220;off&#8220; border_color=&#8220;#ffffff&#8220; border_style=&#8220;solid&#8220; alt=&#8220;Erich Kobi&#8220; custom_css_main_element=&#8220;padding-right: 40px;&#8220; \/][\/et_pb_column][\/et_pb_row][\/et_pb_section][et_pb_section bb_built=&#8220;1&#8243; admin_label=&#8220;section&#8220; transparent_background=&#8220;on&#8220; parallax_method=&#8220;off&#8220; padding_mobile=&#8220;off&#8220; _builder_version=&#8220;3.0.67&#8243; disabled=&#8220;off&#8220; disabled_on=&#8220;|on|on&#8220;][et_pb_row admin_label=&#8220;row&#8220; make_fullwidth=&#8220;off&#8220; use_custom_width=&#8220;off&#8220; width_unit=&#8220;on&#8220; use_custom_gutter=&#8220;off&#8220; padding_mobile=&#8220;off&#8220; background_color=&#8220;rgba(221,221,221,0.88)&#8220; allow_player_pause=&#8220;off&#8220; parallax=&#8220;off&#8220; parallax_method=&#8220;off&#8220; make_equal=&#8220;off&#8220; parallax_1=&#8220;off&#8220; parallax_method_1=&#8220;off&#8220; parallax_2=&#8220;off&#8220; parallax_method_2=&#8220;off&#8220; column_padding_mobile=&#8220;on&#8220; background_position=&#8220;top_left&#8220; background_repeat=&#8220;repeat&#8220; background_size=&#8220;initial&#8220;][et_pb_column type=&#8220;1_2&#8243;][et_pb_text background_layout=&#8220;light&#8220; text_orientation=&#8220;left&#8220; border_style=&#8220;solid&#8220; custom_css_main_element=&#8220;margin-left: 40px;&#8220; background_position=&#8220;top_left&#8220; background_repeat=&#8220;repeat&#8220; background_size=&#8220;initial&#8220; _builder_version=&#8220;3.0.67&#8243; text_font_size=&#8220;11&#8243; custom_margin=&#8220;|40px||&#8220;]<\/p>\n<p>Bei meinem Job (Metallbauschlosser) habe ich die Leidenschaft f\u00fcr das Kunsthandwerk schon fr\u00fch entdeckt und in \u00fcber 20 Jahres diverse Objekte angefertigt: Hi-Fi Towers, CD\/DVD-Gestelle, Garderoben, Kerzenst\u00e4nder, Salon-tische, Bettgestelle und Spezialkonstruktionen f\u00fcr Motorr\u00e4der.<\/p>\n<p>Motorr\u00e4der geh\u00f6ren ebenso zu meinen Hobbys wie Reisen, Sport, Musik und mittlerweile Metal-Art-Tattoo. Ausserdem bedeuten mit auch T\u00e4towierungen sehr viel, bin selber seit langer Zeit immer wieder &#8222;unter der Nadel&#8220;.<\/p>\n<p>Das eine ergab das andere: so hatte ich im Sommer 2002 die Idee, Kunsthandwerk und Tattoos zu verbinden. Das Resultat: Bilder, nicht gemalt oder gezeichnet, sondern geschweisst.<\/p>\n<p>Den Schweissbrenner als Pinsel und Edelmetall als Leinwand: Metal-Art-Tattoo war geboren.<\/p>\n<p>[\/et_pb_text][\/et_pb_column][et_pb_column type=&#8220;1_2&#8243;][et_pb_image src=&#8220;http:\/\/riko.ch\/rikoneu2016\/wp-content\/uploads\/2016\/11\/weich2.jpg&#8220; show_in_lightbox=&#8220;off&#8220; url_new_window=&#8220;off&#8220; use_overlay=&#8220;off&#8220; animation=&#8220;off&#8220; sticky=&#8220;off&#8220; align=&#8220;right&#8220; force_fullwidth=&#8220;off&#8220; always_center_on_mobile=&#8220;on&#8220; border_style=&#8220;solid&#8220; alt=&#8220;Erich Kobi&#8220; custom_css_main_element=&#8220;padding-right: 40px;&#8220; _builder_version=&#8220;3.0.67&#8243; custom_margin=&#8220;|||40px&#8220; \/][\/et_pb_column][\/et_pb_row][\/et_pb_section]<\/p>\n","protected":false},"excerpt":{"rendered":"<p>Bei meinem Job (Metallbauschlosser) habe ich die Leidenschaft f\u00fcr das Kunsthandwerk schon fr\u00fch entdeckt und in \u00fcber 20 Jahres diverse Objekte angefertigt: Hi-Fi Towers, CD\/DVD-Gestelle, Garderoben, Kerzenst\u00e4nder, Salon-tische, Bettgestelle und Spezialkonstruktionen f\u00fcr Motorr\u00e4der. Motorr\u00e4der geh\u00f6ren ebenso zu meinen Hobbys wie Reisen, Sport, Musik und mittlerweile Metal-Art-Tattoo. Ausserdem bedeuten mit auch T\u00e4towierungen sehr viel, bin selber [&hellip;]<\/p>\n","protected":false},"author":1,"featured_media":0,"parent":0,"menu_order":0,"comment_status":"closed","ping_status":"closed","template":"","meta":{"_et_pb_use_builder":"on","_et_pb_old_content":"","_et_gb_content_width":""},"_links":{"self":[{"href":"https:\/\/riko.ch\/index.php\/wp-json\/wp\/v2\/pages\/37"}],"collection":[{"href":"https:\/\/riko.ch\/index.php\/wp-json\/wp\/v2\/pages"}],"about":[{"href":"https:\/\/riko.ch\/index.php\/wp-json\/wp\/v2\/types\/page"}],"author":[{"embeddable":true,"href":"https:\/\/riko.ch\/index.php\/wp-json\/wp\/v2\/users\/1"}],"replies":[{"embeddable":true,"href":"https:\/\/riko.ch\/index.php\/wp-json\/wp\/v2\/comments?post=37"}],"version-history":[{"count":0,"href":"https:\/\/riko.ch\/index.php\/wp-json\/wp\/v2\/pages\/37\/revisions"}],"wp:attachment":[{"href":"https:\/\/riko.ch\/index.php\/wp-json\/wp\/v2\/media?parent=37"}],"curies":[{"name":"wp","href":"https:\/\/api.w.org\/{rel}","templated":true}]}}