
{"id":2,"date":"2016-11-13T10:56:28","date_gmt":"2016-11-13T09:56:28","guid":{"rendered":"http:\/\/riko.ch\/rikoneu2016\/?page_id=2"},"modified":"2018-06-16T14:42:02","modified_gmt":"2018-06-16T12:42:02","slug":"beispiel-seite","status":"publish","type":"page","link":"https:\/\/riko.ch\/","title":{"rendered":"HOME"},"content":{"rendered":"<p>[et_pb_section bb_built=&#8220;1&#8243; padding_mobile=&#8220;off&#8220; disabled_on=&#8220;on||&#8220; custom_css_main_element=&#8220;height: 30px;||padding-top: -10px;&#8220; background_color=&#8220;rgba(255,255,255,0.83)&#8220; _builder_version=&#8220;3.0.69&#8243; custom_padding_tablet=&#8220;50px|0|50px|0&#8243; custom_padding_last_edited=&#8220;on|desktop&#8220; next_background_color=&#8220;rgba(255,255,255,0)&#8220;][et_pb_row column_padding_mobile=&#8220;on&#8220; parallax_method_1=&#8220;off&#8220; background_position=&#8220;top_left&#8220; background_repeat=&#8220;repeat&#8220; background_size=&#8220;initial&#8220; _builder_version=&#8220;3.0.67&#8243; background_position_1=&#8220;top_left&#8220; background_repeat_1=&#8220;no-repeat&#8220; custom_margin=&#8220;-50px|||&#8220;][et_pb_column type=&#8220;4_4&#8243;][et_pb_text text_orientation=&#8220;center&#8220; text_font=&#8220;|on|||&#8220; text_font_size=&#8220;20&#8243; text_text_color=&#8220;#000000&#8243; header_font=&#8220;|on|||&#8220; header_font_size=&#8220;50px&#8220; background_layout=&#8220;light&#8220; border_style=&#8220;solid&#8220; background_position=&#8220;top_left&#8220; background_repeat=&#8220;repeat&#8220; background_size=&#8220;initial&#8220; _builder_version=&#8220;3.0.69&#8243; module_alignment=&#8220;center&#8220;]<\/p>\n<p style=\"text-align: left;\">Metal-Art-Tattoo ist die Verbindung von Kunsthandwerk und Tattoo. Der Schweissbrenner als Pinsel, das Metall als Leinwand und die Tattoos als Motiv.<\/p>\n<p>[\/et_pb_text][\/et_pb_column][\/et_pb_row][\/et_pb_section][et_pb_section bb_built=&#8220;1&#8243; disabled_on=&#8220;|on|on&#8220; _builder_version=&#8220;3.7&#8243; background_color=&#8220;rgba(255,255,255,0)&#8220; custom_padding_tablet=&#8220;50px|0|50px|0&#8243; custom_padding_last_edited=&#8220;on|desktop&#8220; prev_background_color=&#8220;rgba(255,255,255,0.83)&#8220; next_background_color=&#8220;#000000&#8243; gutter_width=&#8220;2&#8243;][et_pb_row parallax_method_1=&#8220;off&#8220; background_position=&#8220;top_left&#8220; background_repeat=&#8220;repeat&#8220; background_size=&#8220;initial&#8220; _builder_version=&#8220;3.7&#8243; background_position_1=&#8220;top_left&#8220; background_repeat_1=&#8220;no-repeat&#8220; make_equal=&#8220;on&#8220; gutter_width=&#8220;2&#8243; padding_top_1=&#8220;-60px&#8220; custom_margin=&#8220;-90px|||&#8220;][et_pb_column type=&#8220;4_4&#8243;][et_pb_slider show_arrows=&#8220;off&#8220; show_pagination=&#8220;off&#8220; auto=&#8220;on&#8220; auto_speed=&#8220;3000&#8243; _builder_version=&#8220;3.7&#8243; background_size=&#8220;contain&#8220; custom_padding=&#8220;|||&#8220; box_shadow_horizontal=&#8220;0px&#8220; box_shadow_vertical=&#8220;0px&#8220; box_shadow_blur=&#8220;10px&#8220; box_shadow_spread=&#8220;0px&#8220; box_shadow_position=&#8220;inner&#8220; box_shadow_color=&#8220;rgba(0,0,0,0.1)&#8220;][et_pb_slide background_color=&#8220;rgba(255,255,255,0)&#8220; use_background_color_gradient=&#8220;off&#8220; background_color_gradient_start=&#8220;#2b87da&#8220; background_color_gradient_end=&#8220;#29c4a9&#8243; background_color_gradient_type=&#8220;linear&#8220; background_color_gradient_direction=&#8220;180deg&#8220; background_color_gradient_direction_radial=&#8220;center&#8220; background_color_gradient_start_position=&#8220;0%&#8220; background_color_gradient_end_position=&#8220;100%&#8220; background_image=&#8220;http:\/\/riko.ch\/rikoneu2016\/wp-content\/uploads\/2017\/01\/21.jpg&#8220; parallax=&#8220;off&#8220; parallax_method=&#8220;off&#8220; background_position=&#8220;center&#8220; background_size=&#8220;contain&#8220; background_repeat=&#8220;no-repeat&#8220; background_blend=&#8220;normal&#8220; allow_player_pause=&#8220;off&#8220; alignment=&#8220;center&#8220; use_bg_overlay=&#8220;off&#8220; use_text_overlay=&#8220;off&#8220; text_border_radius=&#8220;3&#8243; background_layout=&#8220;dark&#8220; header_font_select=&#8220;default&#8220; header_font=&#8220;||||&#8220; body_font_select=&#8220;default&#8220; body_font=&#8220;||||&#8220; custom_button=&#8220;off&#8220; button_font_select=&#8220;default&#8220; button_font=&#8220;||||&#8220; button_use_icon=&#8220;on&#8220; button_on_hover=&#8220;on&#8220; custom_css_main_element=&#8220;height: 540px;&#8220; _builder_version=&#8220;3.5.1&#8243; button_link=&#8220;#&#8220; background_color_gradient_overlays_image=&#8220;off&#8220; background_video_pause_outside_viewport=&#8220;on&#8220; child_filter_hue_rotate=&#8220;0deg&#8220; child_filter_saturate=&#8220;100%&#8220; child_filter_brightness=&#8220;100%&#8220; child_filter_contrast=&#8220;100%&#8220; child_filter_invert=&#8220;0%&#8220; child_filter_sepia=&#8220;0%&#8220; child_filter_opacity=&#8220;100%&#8220; child_filter_blur=&#8220;0px&#8220; child_mix_blend_mode=&#8220;normal&#8220; text_shadow_style=&#8220;none&#8220; header_text_shadow_style=&#8220;none&#8220; body_text_shadow_style=&#8220;none&#8220; button_bg_use_color_gradient=&#8220;off&#8220; button_bg_color_gradient_overlays_image=&#8220;off&#8220; button_text_shadow_style=&#8220;none&#8220; box_shadow_style_button=&#8220;none&#8220; \/][et_pb_slide background_color=&#8220;rgba(255,255,255,0)&#8220; use_background_color_gradient=&#8220;off&#8220; background_color_gradient_start=&#8220;#2b87da&#8220; background_color_gradient_end=&#8220;#29c4a9&#8243; background_color_gradient_type=&#8220;linear&#8220; background_color_gradient_direction=&#8220;180deg&#8220; background_color_gradient_direction_radial=&#8220;center&#8220; background_color_gradient_start_position=&#8220;0%&#8220; background_color_gradient_end_position=&#8220;100%&#8220; background_image=&#8220;http:\/\/riko.ch\/rikoneu2016\/wp-content\/uploads\/2017\/01\/29.jpg&#8220; parallax=&#8220;off&#8220; parallax_method=&#8220;off&#8220; background_position=&#8220;center&#8220; background_size=&#8220;contain&#8220; background_repeat=&#8220;no-repeat&#8220; background_blend=&#8220;normal&#8220; allow_player_pause=&#8220;off&#8220; alignment=&#8220;center&#8220; use_bg_overlay=&#8220;off&#8220; use_text_overlay=&#8220;off&#8220; text_border_radius=&#8220;3&#8243; background_layout=&#8220;dark&#8220; header_font_select=&#8220;default&#8220; header_font=&#8220;||||&#8220; body_font_select=&#8220;default&#8220; body_font=&#8220;||||&#8220; button_font_select=&#8220;default&#8220; button_font=&#8220;||||&#8220; button_use_icon=&#8220;on&#8220; custom_css_main_element=&#8220;height: 540px;&#8220; _builder_version=&#8220;3.5.1&#8243; button_link=&#8220;#&#8220; background_color_gradient_overlays_image=&#8220;off&#8220; background_video_pause_outside_viewport=&#8220;on&#8220; child_filter_hue_rotate=&#8220;0deg&#8220; child_filter_saturate=&#8220;100%&#8220; child_filter_brightness=&#8220;100%&#8220; child_filter_contrast=&#8220;100%&#8220; child_filter_invert=&#8220;0%&#8220; child_filter_sepia=&#8220;0%&#8220; child_filter_opacity=&#8220;100%&#8220; child_filter_blur=&#8220;0px&#8220; child_mix_blend_mode=&#8220;normal&#8220; text_shadow_style=&#8220;none&#8220; header_text_shadow_style=&#8220;none&#8220; body_text_shadow_style=&#8220;none&#8220; custom_button=&#8220;off&#8220; button_bg_use_color_gradient=&#8220;off&#8220; button_bg_color_gradient_overlays_image=&#8220;off&#8220; button_on_hover=&#8220;on&#8220; button_text_shadow_style=&#8220;none&#8220; box_shadow_style_button=&#8220;none&#8220; \/][et_pb_slide _builder_version=&#8220;3.5.1&#8243; button_link=&#8220;#&#8220; background_color=&#8220;rgba(210,182,116,0)&#8220; use_background_color_gradient=&#8220;off&#8220; background_color_gradient_start=&#8220;#2b87da&#8220; background_color_gradient_end=&#8220;#29c4a9&#8243; background_color_gradient_type=&#8220;linear&#8220; background_color_gradient_direction=&#8220;180deg&#8220; background_color_gradient_direction_radial=&#8220;center&#8220; background_color_gradient_start_position=&#8220;0%&#8220; background_color_gradient_end_position=&#8220;100%&#8220; background_color_gradient_overlays_image=&#8220;off&#8220; background_image=&#8220;http:\/\/riko.ch\/rikoneu2016\/wp-content\/uploads\/2017\/01\/32.jpg&#8220; parallax=&#8220;off&#8220; parallax_method=&#8220;on&#8220; background_size=&#8220;contain&#8220; background_position=&#8220;center&#8220; background_repeat=&#8220;no-repeat&#8220; background_blend=&#8220;normal&#8220; allow_player_pause=&#8220;off&#8220; background_video_pause_outside_viewport=&#8220;on&#8220; use_bg_overlay=&#8220;off&#8220; use_text_overlay=&#8220;off&#8220; text_border_radius=&#8220;3&#8243; alignment=&#8220;center&#8220; child_filter_hue_rotate=&#8220;0deg&#8220; child_filter_saturate=&#8220;100%&#8220; child_filter_brightness=&#8220;100%&#8220; child_filter_contrast=&#8220;100%&#8220; child_filter_invert=&#8220;0%&#8220; child_filter_sepia=&#8220;0%&#8220; child_filter_opacity=&#8220;100%&#8220; child_filter_blur=&#8220;0px&#8220; child_mix_blend_mode=&#8220;normal&#8220; background_layout=&#8220;dark&#8220; text_shadow_style=&#8220;none&#8220; header_text_shadow_style=&#8220;none&#8220; body_text_shadow_style=&#8220;none&#8220; custom_button=&#8220;off&#8220; button_bg_use_color_gradient=&#8220;off&#8220; button_bg_color_gradient_overlays_image=&#8220;off&#8220; button_use_icon=&#8220;on&#8220; button_on_hover=&#8220;on&#8220; button_text_shadow_style=&#8220;none&#8220; box_shadow_style_button=&#8220;none&#8220; \/][\/et_pb_slider][\/et_pb_column][\/et_pb_row][\/et_pb_section][et_pb_section bb_built=&#8220;1&#8243; admin_label=&#8220;section&#8220; _builder_version=&#8220;3.7&#8243; background_color=&#8220;rgba(255,255,255,0)&#8220; custom_padding_tablet=&#8220;50px|0|50px|0&#8243; custom_padding_last_edited=&#8220;on|desktop&#8220; prev_background_color=&#8220;#000000&#8243; gutter_width=&#8220;2&#8243; disabled=&#8220;off&#8220; disabled_on=&#8220;||off&#8220;][et_pb_row admin_label=&#8220;row&#8220; use_custom_width=&#8220;on&#8220; custom_width_px=&#8220;1201px&#8220; padding_mobile=&#8220;off&#8220; background_color=&#8220;#000000&#8243; background_video_height=&#8220;800PX&#8220; column_padding_mobile=&#8220;on&#8220; parallax_method_1=&#8220;off&#8220; disabled_on=&#8220;on||&#8220; background_position=&#8220;top_left&#8220; background_repeat=&#8220;repeat&#8220; background_size=&#8220;initial&#8220; _builder_version=&#8220;3.7&#8243; background_position_1=&#8220;top_left&#8220; background_repeat_1=&#8220;no-repeat&#8220; custom_css_main_element=&#8220;height: 600px;&#8220;][et_pb_column type=&#8220;4_4&#8243;][et_pb_slider auto=&#8220;on&#8220; auto_speed=&#8220;3000&#8243; _builder_version=&#8220;3.7&#8243; custom_padding=&#8220;|||&#8220; show_content_on_mobile=&#8220;off&#8220; box_shadow_blur=&#8220;10px&#8220; box_shadow_color=&#8220;rgba(0,0,0,0.1)&#8220;][et_pb_slide background_image=&#8220;http:\/\/riko.ch\/rikoneu2016\/wp-content\/uploads\/2017\/04\/61.jpg&#8220; background_position=&#8220;center&#8220; background_size=&#8220;cover&#8220; background_color=&#8220;#ffffff&#8220; allow_player_pause=&#8220;off&#8220; alignment=&#8220;center&#8220; use_bg_overlay=&#8220;off&#8220; use_text_overlay=&#8220;off&#8220; text_border_radius=&#8220;3&#8243; background_layout=&#8220;dark&#8220; header_font_select=&#8220;default&#8220; header_font=&#8220;||||&#8220; body_font_select=&#8220;default&#8220; body_font=&#8220;||||&#8220; custom_button=&#8220;off&#8220; button_font_select=&#8220;default&#8220; button_font=&#8220;||||&#8220; button_use_icon=&#8220;on&#8220; button_on_hover=&#8220;on&#8220; use_background_color_gradient=&#8220;off&#8220; background_color_gradient_start=&#8220;#2b87da&#8220; background_color_gradient_end=&#8220;#29c4a9&#8243; background_color_gradient_type=&#8220;linear&#8220; background_color_gradient_direction=&#8220;180deg&#8220; background_color_gradient_direction_radial=&#8220;center&#8220; background_color_gradient_start_position=&#8220;0%&#8220; background_color_gradient_end_position=&#8220;100%&#8220; parallax=&#8220;off&#8220; parallax_method=&#8220;off&#8220; background_repeat=&#8220;no-repeat&#8220; background_blend=&#8220;normal&#8220; custom_css_main_element=&#8220;height: 540px;&#8220; _builder_version=&#8220;3.7&#8243; button_link=&#8220;#&#8220; background_color_gradient_overlays_image=&#8220;off&#8220; background_video_pause_outside_viewport=&#8220;on&#8220; child_filter_hue_rotate=&#8220;0deg&#8220; child_filter_saturate=&#8220;100%&#8220; child_filter_brightness=&#8220;100%&#8220; child_filter_contrast=&#8220;100%&#8220; child_filter_invert=&#8220;0%&#8220; child_filter_sepia=&#8220;0%&#8220; child_filter_opacity=&#8220;100%&#8220; child_filter_blur=&#8220;0px&#8220; child_mix_blend_mode=&#8220;normal&#8220; text_shadow_style=&#8220;none&#8220; header_text_shadow_style=&#8220;none&#8220; body_text_shadow_style=&#8220;none&#8220; button_bg_use_color_gradient=&#8220;off&#8220; button_bg_color_gradient_overlays_image=&#8220;off&#8220; button_text_shadow_style=&#8220;none&#8220; box_shadow_style_button=&#8220;none&#8220; \/][et_pb_slide background_image=&#8220;http:\/\/riko.ch\/rikoneu2016\/wp-content\/uploads\/2017\/04\/59.jpg&#8220; background_position=&#8220;center&#8220; background_size=&#8220;cover&#8220; background_color=&#8220;#ffffff&#8220; allow_player_pause=&#8220;off&#8220; alignment=&#8220;center&#8220; use_bg_overlay=&#8220;off&#8220; use_text_overlay=&#8220;off&#8220; text_border_radius=&#8220;3&#8243; background_layout=&#8220;dark&#8220; header_font_select=&#8220;default&#8220; header_font=&#8220;||||&#8220; body_font_select=&#8220;default&#8220; body_font=&#8220;||||&#8220; custom_button=&#8220;off&#8220; button_font_select=&#8220;default&#8220; button_font=&#8220;||||&#8220; button_use_icon=&#8220;on&#8220; button_on_hover=&#8220;on&#8220; use_background_color_gradient=&#8220;off&#8220; background_color_gradient_start=&#8220;#2b87da&#8220; background_color_gradient_end=&#8220;#29c4a9&#8243; background_color_gradient_type=&#8220;linear&#8220; background_color_gradient_direction=&#8220;180deg&#8220; background_color_gradient_direction_radial=&#8220;center&#8220; background_color_gradient_start_position=&#8220;0%&#8220; background_color_gradient_end_position=&#8220;100%&#8220; parallax=&#8220;off&#8220; parallax_method=&#8220;off&#8220; background_repeat=&#8220;no-repeat&#8220; background_blend=&#8220;normal&#8220; custom_css_main_element=&#8220;height: 540px;&#8220; _builder_version=&#8220;3.7&#8243; button_link=&#8220;#&#8220; background_color_gradient_overlays_image=&#8220;off&#8220; background_video_pause_outside_viewport=&#8220;on&#8220; child_filter_hue_rotate=&#8220;0deg&#8220; child_filter_saturate=&#8220;100%&#8220; child_filter_brightness=&#8220;100%&#8220; child_filter_contrast=&#8220;100%&#8220; child_filter_invert=&#8220;0%&#8220; child_filter_sepia=&#8220;0%&#8220; child_filter_opacity=&#8220;100%&#8220; child_filter_blur=&#8220;0px&#8220; child_mix_blend_mode=&#8220;normal&#8220; text_shadow_style=&#8220;none&#8220; header_text_shadow_style=&#8220;none&#8220; body_text_shadow_style=&#8220;none&#8220; button_bg_use_color_gradient=&#8220;off&#8220; button_bg_color_gradient_overlays_image=&#8220;off&#8220; button_text_shadow_style=&#8220;none&#8220; box_shadow_style_button=&#8220;none&#8220; \/][et_pb_slide background_image=&#8220;http:\/\/riko.ch\/rikoneu2016\/wp-content\/uploads\/2017\/04\/58.jpg&#8220; background_position=&#8220;center&#8220; background_size=&#8220;cover&#8220; background_color=&#8220;#ffffff&#8220; allow_player_pause=&#8220;off&#8220; alignment=&#8220;center&#8220; use_bg_overlay=&#8220;off&#8220; use_text_overlay=&#8220;off&#8220; text_border_radius=&#8220;3&#8243; background_layout=&#8220;dark&#8220; header_font_select=&#8220;default&#8220; header_font=&#8220;||||&#8220; body_font_select=&#8220;default&#8220; body_font=&#8220;||||&#8220; custom_button=&#8220;off&#8220; button_font_select=&#8220;default&#8220; button_font=&#8220;||||&#8220; button_use_icon=&#8220;on&#8220; button_on_hover=&#8220;on&#8220; use_background_color_gradient=&#8220;off&#8220; background_color_gradient_start=&#8220;#2b87da&#8220; background_color_gradient_end=&#8220;#29c4a9&#8243; background_color_gradient_type=&#8220;linear&#8220; background_color_gradient_direction=&#8220;180deg&#8220; background_color_gradient_direction_radial=&#8220;center&#8220; background_color_gradient_start_position=&#8220;0%&#8220; background_color_gradient_end_position=&#8220;100%&#8220; parallax=&#8220;off&#8220; parallax_method=&#8220;off&#8220; background_repeat=&#8220;no-repeat&#8220; background_blend=&#8220;normal&#8220; custom_css_main_element=&#8220;height: 540px;&#8220; _builder_version=&#8220;3.7&#8243; button_link=&#8220;#&#8220; background_color_gradient_overlays_image=&#8220;off&#8220; background_video_pause_outside_viewport=&#8220;on&#8220; child_filter_hue_rotate=&#8220;0deg&#8220; child_filter_saturate=&#8220;100%&#8220; child_filter_brightness=&#8220;100%&#8220; child_filter_contrast=&#8220;100%&#8220; child_filter_invert=&#8220;0%&#8220; child_filter_sepia=&#8220;0%&#8220; child_filter_opacity=&#8220;100%&#8220; child_filter_blur=&#8220;0px&#8220; child_mix_blend_mode=&#8220;normal&#8220; text_shadow_style=&#8220;none&#8220; header_text_shadow_style=&#8220;none&#8220; body_text_shadow_style=&#8220;none&#8220; button_bg_use_color_gradient=&#8220;off&#8220; button_bg_color_gradient_overlays_image=&#8220;off&#8220; button_text_shadow_style=&#8220;none&#8220; box_shadow_style_button=&#8220;none&#8220; \/][et_pb_slide background_color=&#8220;#ffffff&#8220; use_background_color_gradient=&#8220;off&#8220; background_color_gradient_start=&#8220;#2b87da&#8220; background_color_gradient_end=&#8220;#29c4a9&#8243; background_color_gradient_type=&#8220;linear&#8220; background_color_gradient_direction=&#8220;180deg&#8220; background_color_gradient_direction_radial=&#8220;center&#8220; background_color_gradient_start_position=&#8220;0%&#8220; background_color_gradient_end_position=&#8220;100%&#8220; background_image=&#8220;http:\/\/riko.ch\/rikoneu2016\/wp-content\/uploads\/2017\/04\/64.jpg&#8220; parallax=&#8220;off&#8220; parallax_method=&#8220;off&#8220; background_position=&#8220;center&#8220; background_size=&#8220;cover&#8220; background_repeat=&#8220;no-repeat&#8220; background_blend=&#8220;normal&#8220; allow_player_pause=&#8220;off&#8220; alignment=&#8220;center&#8220; use_bg_overlay=&#8220;off&#8220; use_text_overlay=&#8220;off&#8220; text_border_radius=&#8220;3&#8243; background_layout=&#8220;dark&#8220; header_font_select=&#8220;default&#8220; header_font=&#8220;||||&#8220; body_font_select=&#8220;default&#8220; body_font=&#8220;||||&#8220; custom_button=&#8220;off&#8220; button_font_select=&#8220;default&#8220; button_font=&#8220;||||&#8220; button_use_icon=&#8220;on&#8220; button_on_hover=&#8220;on&#8220; custom_css_main_element=&#8220;height: 540px;&#8220; _builder_version=&#8220;3.7&#8243; button_link=&#8220;#&#8220; background_color_gradient_overlays_image=&#8220;off&#8220; background_video_pause_outside_viewport=&#8220;on&#8220; child_filter_hue_rotate=&#8220;0deg&#8220; child_filter_saturate=&#8220;100%&#8220; child_filter_brightness=&#8220;100%&#8220; child_filter_contrast=&#8220;100%&#8220; child_filter_invert=&#8220;0%&#8220; child_filter_sepia=&#8220;0%&#8220; child_filter_opacity=&#8220;100%&#8220; child_filter_blur=&#8220;0px&#8220; child_mix_blend_mode=&#8220;normal&#8220; text_shadow_style=&#8220;none&#8220; header_text_shadow_style=&#8220;none&#8220; body_text_shadow_style=&#8220;none&#8220; button_bg_use_color_gradient=&#8220;off&#8220; button_bg_color_gradient_overlays_image=&#8220;off&#8220; button_text_shadow_style=&#8220;none&#8220; box_shadow_style_button=&#8220;none&#8220; \/][\/et_pb_slider][\/et_pb_column][\/et_pb_row][\/et_pb_section]<\/p>\n","protected":false},"excerpt":{"rendered":"<p>Metal-Art-Tattoo ist die Verbindung von Kunsthandwerk und Tattoo. Der Schweissbrenner als Pinsel, das Metall als Leinwand und die Tattoos als Motiv.<\/p>\n","protected":false},"author":1,"featured_media":0,"parent":0,"menu_order":0,"comment_status":"closed","ping_status":"open","template":"","meta":{"_et_pb_use_builder":"on","_et_pb_old_content":"<p>Dies ist eine Beispiel-Seite. Sie unterscheidet sich von Beitr\u00e4gen, da sie stets an der selben Stelle bleibt und (bei den meisten Themes) in der Navigation angezeigt wird. Die meisten Leute starten mit einem Impressum oder einer \u201e\u00dcber uns\u201c-Seite mit einer Vorstellung f\u00fcr m\u00f6gliche Besucher der Website. Dort k\u00f6nnte zum Beispiel stehen:<\/p><blockquote><p>Hallo! Tags\u00fcber arbeite ich als Fahrradkurier, nachts bin ich ein aufstrebender Schauspieler und dies hier ist meine Website. Ich lebe in Berlin, habe einen gro\u00dfen Hund namens Jack, mag die Fantastischen Vier und ein k\u00fchles Bier.<\/p><\/blockquote><p>...oder sowas wie:<\/p><blockquote><p>Unsere Firma XYZ wurde 1971 gegr\u00fcndet und hat seither eine Menge hochqualitativen ABC f\u00fcr die \u00d6ffentlichkeit produziert. Ans\u00e4ssig in Gotham City, hat XYZ mittlerweile \u00fcber 2,000 Mitarbeiter und entwickelt immer wieder gro\u00dfartige Dinge f\u00fcr die ganze Gotham Gemeinschaft.<\/p><\/blockquote><p>Als neuer WordPress-Nutzer solltest du das <a href=\"http:\/\/riko.ch\/rikoneu2016\/wp-admin\/\">Dashboard<\/a> aufrufen, um diese Seite zu l\u00f6schen und statt dessen eine neue Seite mit deinen eigenen Inhalten erstellen. Viel Spa\u00df!<\/p>","_et_gb_content_width":""},"_links":{"self":[{"href":"https:\/\/riko.ch\/index.php\/wp-json\/wp\/v2\/pages\/2"}],"collection":[{"href":"https:\/\/riko.ch\/index.php\/wp-json\/wp\/v2\/pages"}],"about":[{"href":"https:\/\/riko.ch\/index.php\/wp-json\/wp\/v2\/types\/page"}],"author":[{"embeddable":true,"href":"https:\/\/riko.ch\/index.php\/wp-json\/wp\/v2\/users\/1"}],"replies":[{"embeddable":true,"href":"https:\/\/riko.ch\/index.php\/wp-json\/wp\/v2\/comments?post=2"}],"version-history":[{"count":25,"href":"https:\/\/riko.ch\/index.php\/wp-json\/wp\/v2\/pages\/2\/revisions"}],"predecessor-version":[{"id":708,"href":"https:\/\/riko.ch\/index.php\/wp-json\/wp\/v2\/pages\/2\/revisions\/708"}],"wp:attachment":[{"href":"https:\/\/riko.ch\/index.php\/wp-json\/wp\/v2\/media?parent=2"}],"curies":[{"name":"wp","href":"https:\/\/api.w.org\/{rel}","templated":true}]}}